{"id":16744,"date":"2025-01-27T23:33:40","date_gmt":"2025-01-27T22:33:40","guid":{"rendered":"https:\/\/itpatagonia.com\/?page_id=16744"},"modified":"2026-01-07T13:45:12","modified_gmt":"2026-01-07T12:45:12","slug":"politica-cookies","status":"publish","type":"page","link":"https:\/\/itpatagonia.com\/en\/politica-cookies","title":{"rendered":"cookie policy"},"content":{"rendered":"<div data-elementor-type=\"wp-page\" data-elementor-id=\"16744\" class=\"elementor elementor-16744\" data-elementor-post-type=\"page\">\n\t\t\t\t<div class=\"elementor-element elementor-element-0c0aea2 e-flex e-con-boxed e-con e-parent\" data-id=\"0c0aea2\" data-element_type=\"container\" data-e-type=\"container\">\n\t\t\t\t\t<div class=\"e-con-inner\">\n\t\t\t\t<div class=\"elementor-element elementor-element-978f0dc elementor-widget elementor-widget-html\" data-id=\"978f0dc\" data-element_type=\"widget\" data-e-type=\"widget\" data-widget_type=\"html.default\">\n\t\t\t\t<div class=\"elementor-widget-container\">\n\t\t\t\t\t<style>\n    a.cky-banner-element {\n        padding: 8px 30px;\n        background: #F8F9FA;\n        color: #858A8F;\n        border: 1px solid #DEE2E6;\n        box-sizing: border-box;\n        border-radius: 2px;\n        cursor: pointer;\n}\n<\/style>\n<h1 class=\"cookie-policy-h1\">Cookie Policy<\/h1>\n<p>\n  \nEffective date: 01-Jan-2025 <br>\n    Last updated: January 27, 2025\n<\/p>\n\n\u00a0\n<h5>What are cookies?<\/h5>\n<div class=\"cookie-policy-p\"><p>This Cookie Policy explains what cookies are and how we use them, the types of cookies we use i.e, the information we collect through the use of cookies and how that information is used, and how to manage your cookie settings.<\/p> <p>Cookies are small text files that are used to store small pieces of information. They are stored on your device when the website is loaded on your browser. These cookies help us make the website function properly, make it more secure, provide better user experience, and understand how the website performs and to analyze what works and where it needs improvement.<\/p><\/div>\n\n\u00a0\n<h5>How do we use cookies?<\/h5>\n<div class=\"cookie-policy-p\"><p>Like most online services, our website uses first-party and third-party cookies for several purposes. First-party cookies are mostly necessary for the website to function properly and do not collect any of your personally identifiable data.<\/p> <p>The third-party cookies used on our website are mainly for understanding how the website works, how you interact with our website, keeping our services secure, providing advertisements that are relevant to you, and all in all providing you with a better and improved user experience and help speed up your future interactions with our website.<\/p><\/div>\n\n\u00a0\n    <h5>Advertisement, Functional, Necessary, Analytics<\/h5>\n\n    <div class=\"cky-audit-table-element\"><\/div>\n\n\u00a0\n    <h5 style=\"margin-bottom:20px;\">Manage cookie preferences<\/h5>\n\n    <a class=\"cky-banner-element\">Cookie settings<\/a> <br\/><br\/>\n\n    <div>\n        <p>You can change your cookie preferences at any time by clicking the button above. This will allow you to revisit the cookie consent banner and change your preferences or withdraw your consent immediately.<\/p><p>In addition to this, different browsers offer different methods to block and delete cookies used by websites. You can change your browser settings to block\/delete cookies. Links to support documents on how to manage and delete cookies from the main web browser are listed below.<\/p><p>Chrome: <a href=\"https:\/\/support.google.com\/accounts\/answer\/32050\" rel=\"noopener noreferrer\" target=\"_blank\">https:\/\/support.google.com\/accounts\/answer\/32050<\/a><\/p><p>Safari: <a href=\"https:\/\/support.apple.com\/en-in\/guide\/safari\/sfri11471\/mac\" rel=\"noopener noreferrer\" target=\"_blank\">https:\/\/support.apple.com\/en-in\/guide\/safari\/sfri11471\/mac<\/a><\/p><p>Firefox: <a href=\"https:\/\/support.mozilla.org\/en-US\/kb\/clear-cookies-and-site-data-firefox?redirectslug=delete-cookies-remove-info-websites-stored&redirectlocale=en-US\" rel=\"noopener noreferrer\" target=\"_blank\">https:\/\/support.mozilla.org\/en-US\/kb\/clear-cookies-and-site-data-firefox?redirectslug=delete-cookies-remove-info-websites-stored&redirectlocale=en-US<\/a><\/p><p>Internet Explorer: <a href=\"https:\/\/support.microsoft.com\/en-us\/topic\/how-to-delete-cookie-files-in-internet-explorer-bca9446f-d873-78de-77ba-d42645fa52fc\" rel=\"noopener noreferrer\" target=\"_blank\">https:\/\/support.microsoft.com\/en-us\/topic\/how-to-delete-cookie-files-in-internet-explorer-bca9446f-d873-78de-77ba-d42645fa52fc<\/a><\/p><p>If you are using any other web browser, please visit your browser&#039;s official support documents.<\/p><\/div>\n\n\n\u00a0\n<p class=\"cookie-policy-p\">\n    Cookie policy generated by <a target=\"_blank\" href=\"https:\/\/www.cookieyes.com\/?utm_source=CP&utm_medium=footer&utm_campaign=UW\">CookieYes - Cookie Policy Generator<\/a>.\n<\/p>\t\t\t\t<\/div>\n\t\t\t\t<\/div>\n\t\t\t\t\t<\/div>\n\t\t\t\t<\/div>\n\t\t\t\t<\/div>","protected":false},"excerpt":{"rendered":"<p>Pol\u00edtica de cookies Fecha de vigencia: 01-ene-2025 \u00daltima actualizaci\u00f3n: 27 de enero de 2025 \u00a0 \u00bfQu\u00e9 son las cookies? Esta Pol\u00edtica de cookies explica qu\u00e9 son las cookies y c\u00f3mo las usamos, los tipos de cookies que utilizamos, es decir, la informaci\u00f3n que recopilamos mediante el uso de cookies y c\u00f3mo se usa esa informaci\u00f3n, [&hellip;]<\/p>\n","protected":false},"author":5,"featured_media":0,"parent":0,"menu_order":0,"comment_status":"closed","ping_status":"closed","template":"elementor_header_footer","meta":{"_acf_changed":false,"content-type":"","footnotes":""},"class_list":["post-16744","page","type-page","status-publish","hentry"],"acf":[],"yoast_head":"<!-- This site is optimized with the Yoast SEO plugin v27.5 - https:\/\/yoast.com\/product\/yoast-seo-wordpress\/ -->\n<title>politica-cookies - IT Patagonia<\/title>\n<meta name=\"robots\" content=\"noindex, nofollow\" \/>\n<meta property=\"og:locale\" content=\"en_US\" \/>\n<meta property=\"og:type\" content=\"article\" \/>\n<meta property=\"og:title\" content=\"politica-cookies - IT Patagonia\" \/>\n<meta property=\"og:description\" content=\"Pol\u00edtica de cookies Fecha de vigencia: 01-ene-2025 \u00daltima actualizaci\u00f3n: 27 de enero de 2025 \u00a0 \u00bfQu\u00e9 son las cookies? Esta Pol\u00edtica de cookies explica qu\u00e9 son las cookies y c\u00f3mo las usamos, los tipos de cookies que utilizamos, es decir, la informaci\u00f3n que recopilamos mediante el uso de cookies y c\u00f3mo se usa esa informaci\u00f3n, [&hellip;]\" \/>\n<meta property=\"og:url\" content=\"https:\/\/itpatagonia.com\/en\/politica-cookies\/\" \/>\n<meta property=\"og:site_name\" content=\"IT Patagonia\" \/>\n<meta property=\"article:modified_time\" content=\"2026-01-07T12:45:12+00:00\" \/>\n<meta name=\"twitter:card\" content=\"summary_large_image\" \/>\n<meta name=\"twitter:label1\" content=\"Est. reading time\" \/>\n\t<meta name=\"twitter:data1\" content=\"2 minutes\" \/>\n<script type=\"application\/ld+json\" class=\"yoast-schema-graph\">{\"@context\":\"https:\\\/\\\/schema.org\",\"@graph\":[{\"@type\":\"WebPage\",\"@id\":\"https:\\\/\\\/itpatagonia.com\\\/politica-cookies\",\"url\":\"https:\\\/\\\/itpatagonia.com\\\/politica-cookies\",\"name\":\"politica-cookies - IT Patagonia\",\"isPartOf\":{\"@id\":\"https:\\\/\\\/itpatagonia.com\\\/#website\"},\"datePublished\":\"2025-01-27T22:33:40+00:00\",\"dateModified\":\"2026-01-07T12:45:12+00:00\",\"breadcrumb\":{\"@id\":\"https:\\\/\\\/itpatagonia.com\\\/politica-cookies#breadcrumb\"},\"inLanguage\":\"en-US\",\"potentialAction\":[{\"@type\":\"ReadAction\",\"target\":[\"https:\\\/\\\/itpatagonia.com\\\/politica-cookies\"]}]},{\"@type\":\"BreadcrumbList\",\"@id\":\"https:\\\/\\\/itpatagonia.com\\\/politica-cookies#breadcrumb\",\"itemListElement\":[{\"@type\":\"ListItem\",\"position\":1,\"name\":\"Portada\",\"item\":\"https:\\\/\\\/itpatagonia.com\\\/\"},{\"@type\":\"ListItem\",\"position\":2,\"name\":\"politica-cookies\"}]},{\"@type\":\"WebSite\",\"@id\":\"https:\\\/\\\/itpatagonia.com\\\/#website\",\"url\":\"https:\\\/\\\/itpatagonia.com\\\/\",\"name\":\"IT Patagonia\",\"description\":\"\",\"publisher\":{\"@id\":\"https:\\\/\\\/itpatagonia.com\\\/#organization\"},\"potentialAction\":[{\"@type\":\"SearchAction\",\"target\":{\"@type\":\"EntryPoint\",\"urlTemplate\":\"https:\\\/\\\/itpatagonia.com\\\/?s={search_term_string}\"},\"query-input\":{\"@type\":\"PropertyValueSpecification\",\"valueRequired\":true,\"valueName\":\"search_term_string\"}}],\"inLanguage\":\"en-US\"},{\"@type\":\"Organization\",\"@id\":\"https:\\\/\\\/itpatagonia.com\\\/#organization\",\"name\":\"IT Patagonia\",\"url\":\"https:\\\/\\\/itpatagonia.com\\\/\",\"logo\":{\"@type\":\"ImageObject\",\"inLanguage\":\"en-US\",\"@id\":\"https:\\\/\\\/itpatagonia.com\\\/#\\\/schema\\\/logo\\\/image\\\/\",\"url\":\"https:\\\/\\\/itpatagonia.com\\\/wp-content\\\/uploads\\\/2023\\\/11\\\/IT-Patagonia-logo-web.png\",\"contentUrl\":\"https:\\\/\\\/itpatagonia.com\\\/wp-content\\\/uploads\\\/2023\\\/11\\\/IT-Patagonia-logo-web.png\",\"width\":350,\"height\":100,\"caption\":\"IT Patagonia\"},\"image\":{\"@id\":\"https:\\\/\\\/itpatagonia.com\\\/#\\\/schema\\\/logo\\\/image\\\/\"},\"sameAs\":[\"https:\\\/\\\/www.linkedin.com\\\/company\\\/itpatagonia\\\/\"]}]}<\/script>\n<!-- \/ Yoast SEO plugin. -->","yoast_head_json":{"title":"politica-cookies - IT Patagonia","robots":{"index":"noindex","follow":"nofollow"},"og_locale":"en_US","og_type":"article","og_title":"politica-cookies - IT Patagonia","og_description":"Pol\u00edtica de cookies Fecha de vigencia: 01-ene-2025 \u00daltima actualizaci\u00f3n: 27 de enero de 2025 \u00a0 \u00bfQu\u00e9 son las cookies? Esta Pol\u00edtica de cookies explica qu\u00e9 son las cookies y c\u00f3mo las usamos, los tipos de cookies que utilizamos, es decir, la informaci\u00f3n que recopilamos mediante el uso de cookies y c\u00f3mo se usa esa informaci\u00f3n, [&hellip;]","og_url":"https:\/\/itpatagonia.com\/en\/politica-cookies\/","og_site_name":"IT Patagonia","article_modified_time":"2026-01-07T12:45:12+00:00","twitter_card":"summary_large_image","twitter_misc":{"Est. reading time":"2 minutes"},"schema":{"@context":"https:\/\/schema.org","@graph":[{"@type":"WebPage","@id":"https:\/\/itpatagonia.com\/politica-cookies","url":"https:\/\/itpatagonia.com\/politica-cookies","name":"politica-cookies - IT Patagonia","isPartOf":{"@id":"https:\/\/itpatagonia.com\/#website"},"datePublished":"2025-01-27T22:33:40+00:00","dateModified":"2026-01-07T12:45:12+00:00","breadcrumb":{"@id":"https:\/\/itpatagonia.com\/politica-cookies#breadcrumb"},"inLanguage":"en-US","potentialAction":[{"@type":"ReadAction","target":["https:\/\/itpatagonia.com\/politica-cookies"]}]},{"@type":"BreadcrumbList","@id":"https:\/\/itpatagonia.com\/politica-cookies#breadcrumb","itemListElement":[{"@type":"ListItem","position":1,"name":"Portada","item":"https:\/\/itpatagonia.com\/"},{"@type":"ListItem","position":2,"name":"politica-cookies"}]},{"@type":"WebSite","@id":"https:\/\/itpatagonia.com\/#website","url":"https:\/\/itpatagonia.com\/","name":"IT Patagonia","description":"","publisher":{"@id":"https:\/\/itpatagonia.com\/#organization"},"potentialAction":[{"@type":"SearchAction","target":{"@type":"EntryPoint","urlTemplate":"https:\/\/itpatagonia.com\/?s={search_term_string}"},"query-input":{"@type":"PropertyValueSpecification","valueRequired":true,"valueName":"search_term_string"}}],"inLanguage":"en-US"},{"@type":"Organization","@id":"https:\/\/itpatagonia.com\/#organization","name":"IT Patagonia","url":"https:\/\/itpatagonia.com\/","logo":{"@type":"ImageObject","inLanguage":"en-US","@id":"https:\/\/itpatagonia.com\/#\/schema\/logo\/image\/","url":"https:\/\/itpatagonia.com\/wp-content\/uploads\/2023\/11\/IT-Patagonia-logo-web.png","contentUrl":"https:\/\/itpatagonia.com\/wp-content\/uploads\/2023\/11\/IT-Patagonia-logo-web.png","width":350,"height":100,"caption":"IT Patagonia"},"image":{"@id":"https:\/\/itpatagonia.com\/#\/schema\/logo\/image\/"},"sameAs":["https:\/\/www.linkedin.com\/company\/itpatagonia\/"]}]}},"_links":{"self":[{"href":"https:\/\/itpatagonia.com\/en\/wp-json\/wp\/v2\/pages\/16744","targetHints":{"allow":["GET"]}}],"collection":[{"href":"https:\/\/itpatagonia.com\/en\/wp-json\/wp\/v2\/pages"}],"about":[{"href":"https:\/\/itpatagonia.com\/en\/wp-json\/wp\/v2\/types\/page"}],"author":[{"embeddable":true,"href":"https:\/\/itpatagonia.com\/en\/wp-json\/wp\/v2\/users\/5"}],"replies":[{"embeddable":true,"href":"https:\/\/itpatagonia.com\/en\/wp-json\/wp\/v2\/comments?post=16744"}],"version-history":[{"count":35,"href":"https:\/\/itpatagonia.com\/en\/wp-json\/wp\/v2\/pages\/16744\/revisions"}],"predecessor-version":[{"id":16780,"href":"https:\/\/itpatagonia.com\/en\/wp-json\/wp\/v2\/pages\/16744\/revisions\/16780"}],"wp:attachment":[{"href":"https:\/\/itpatagonia.com\/en\/wp-json\/wp\/v2\/media?parent=16744"}],"curies":[{"name":"wp","href":"https:\/\/api.w.org\/{rel}","templated":true}]}}