{"id":28650,"date":"2025-11-12T21:58:18","date_gmt":"2025-11-12T20:58:18","guid":{"rendered":"https:\/\/itpatagonia.com\/?page_id=28650"},"modified":"2026-02-02T21:01:02","modified_gmt":"2026-02-02T20:01:02","slug":"ebook-el-dilema-de-los-3-caminos","status":"publish","type":"page","link":"https:\/\/itpatagonia.com\/en\/servicios\/mainframe\/ebook-el-dilema-de-los-3-caminos","title":{"rendered":"Landing E-book"},"content":{"rendered":"<div data-elementor-type=\"wp-page\" data-elementor-id=\"28650\" class=\"elementor elementor-28650\" data-elementor-post-type=\"page\">\n\t\t\t\t<div class=\"elementor-element elementor-element-26e884b e-con-full papel e-flex e-con e-parent\" data-id=\"26e884b\" data-element_type=\"container\" data-e-type=\"container\" data-settings=\"{&quot;background_background&quot;:&quot;classic&quot;}\">\n\t\t<div class=\"elementor-element elementor-element-8d61a64 e-flex e-con-boxed e-con e-child\" data-id=\"8d61a64\" data-element_type=\"container\" data-e-type=\"container\">\n\t\t\t\t\t<div class=\"e-con-inner\">\n\t\t<div class=\"elementor-element elementor-element-4049a11 e-con-full e-flex e-con e-child\" data-id=\"4049a11\" data-element_type=\"container\" data-e-type=\"container\">\n\t\t\t\t<div class=\"elementor-element elementor-element-cb9269c elementor-widget elementor-widget-text-editor\" data-id=\"cb9269c\" data-element_type=\"widget\" data-e-type=\"widget\" data-widget_type=\"text-editor.default\">\n\t\t\t\t<div class=\"elementor-widget-container\">\n\t\t\t\t\t\t\t\t\t<p><span style=\"font-weight: 400;\">The dilemma of the three paths:\u00a0<\/span><i><span style=\"font-weight: 400;\"><br \/><\/span><\/i><\/p>\t\t\t\t\t\t\t\t<\/div>\n\t\t\t\t<\/div>\n\t\t\t\t<div class=\"elementor-element elementor-element-6ecd90a elementor-widget__width-initial elementor-widget elementor-widget-text-editor\" data-id=\"6ecd90a\" data-element_type=\"widget\" data-e-type=\"widget\" data-widget_type=\"text-editor.default\">\n\t\t\t\t<div class=\"elementor-widget-container\">\n\t\t\t\t\t\t\t\t\t<p>A roadmap for modernizing the mainframe without losing the process<\/p>\t\t\t\t\t\t\t\t<\/div>\n\t\t\t\t<\/div>\n\t\t\t\t<div class=\"elementor-element elementor-element-98d32e1 elementor-widget elementor-widget-text-editor\" data-id=\"98d32e1\" data-element_type=\"widget\" data-e-type=\"widget\" data-widget_type=\"text-editor.default\">\n\t\t\t\t<div class=\"elementor-widget-container\">\n\t\t\t\t\t\t\t\t\t<p><span style=\"font-weight: 400;\">Discover how to transform your core into a strategic asset to achieve operational continuity, efficiency, and technological evolution.<\/span><\/p>\t\t\t\t\t\t\t\t<\/div>\n\t\t\t\t<\/div>\n\t\t\t\t<div class=\"elementor-element elementor-element-9be8fea elementor-widget elementor-widget-image\" data-id=\"9be8fea\" data-element_type=\"widget\" data-e-type=\"widget\" data-widget_type=\"image.default\">\n\t\t\t\t<div class=\"elementor-widget-container\">\n\t\t\t\t\t\t\t\t\t\t\t\t\t\t\t<img fetchpriority=\"high\" decoding=\"async\" width=\"1024\" height=\"719\" src=\"https:\/\/itpatagonia.com\/wp-content\/uploads\/2025\/11\/Landing-Mockupv3-1024x719.png\" class=\"attachment-large size-large wp-image-29008\" alt=\"Ebook descarga\" srcset=\"https:\/\/itpatagonia.com\/wp-content\/uploads\/2025\/11\/Landing-Mockupv3-1024x719.png 1024w, https:\/\/itpatagonia.com\/wp-content\/uploads\/2025\/11\/Landing-Mockupv3-300x211.png 300w, https:\/\/itpatagonia.com\/wp-content\/uploads\/2025\/11\/Landing-Mockupv3-768x540.png 768w, https:\/\/itpatagonia.com\/wp-content\/uploads\/2025\/11\/Landing-Mockupv3-18x12.png 18w, https:\/\/itpatagonia.com\/wp-content\/uploads\/2025\/11\/Landing-Mockupv3-720x506.png 720w, https:\/\/itpatagonia.com\/wp-content\/uploads\/2025\/11\/Landing-Mockupv3.png 1096w\" sizes=\"(max-width: 1024px) 100vw, 1024px\" \/>\t\t\t\t\t\t\t\t\t\t\t\t\t\t\t<\/div>\n\t\t\t\t<\/div>\n\t\t\t\t<\/div>\n\t\t<div class=\"elementor-element elementor-element-055ab99 e-con-full e-flex e-con e-child\" data-id=\"055ab99\" data-element_type=\"container\" data-e-type=\"container\">\n\t\t<div class=\"elementor-element elementor-element-e0f7694 e-con-full e-flex e-con e-child\" data-id=\"e0f7694\" data-element_type=\"container\" data-e-type=\"container\" id=\"form\">\n\t\t<div class=\"elementor-element elementor-element-74c3d68 e-con-full formulario e-flex e-con e-child\" data-id=\"74c3d68\" data-element_type=\"container\" data-e-type=\"container\" data-settings=\"{&quot;background_background&quot;:&quot;classic&quot;}\">\n\t\t\t\t<div class=\"elementor-element elementor-element-78ac7f7 elementor-widget elementor-widget-heading\" data-id=\"78ac7f7\" data-element_type=\"widget\" data-e-type=\"widget\" data-widget_type=\"heading.default\">\n\t\t\t\t<div class=\"elementor-widget-container\">\n\t\t\t\t\t<h4 class=\"elementor-heading-title elementor-size-default\">Download the ebook<\/h4>\t\t\t\t<\/div>\n\t\t\t\t<\/div>\n\t\t\t\t<div class=\"elementor-element elementor-element-2f33be3 elementor-widget elementor-widget-hubspot-form\" data-id=\"2f33be3\" data-element_type=\"widget\" data-e-type=\"widget\" data-widget_type=\"hubspot-form.default\">\n\t\t\t\t<div class=\"elementor-widget-container\">\n\t\t\t\t\t\n\t\t\t<div\n\t\t\tclass=\"hs-form-frame\"\n\t\t\tdata-region=\"na1\"\n\t\t\tdata-form-id=\"87bd67cb-0e1a-446e-bdc8-1df340eadec7\"\n\t\t\tdata-portal-id=\"49568956\"\n\t\t\t >\n\t\t\t<\/div>\n\t\t\t\t\t\t\t<\/div>\n\t\t\t\t<\/div>\n\t\t\t\t<\/div>\n\t\t\t\t<\/div>\n\t\t\t\t<\/div>\n\t\t\t\t\t<\/div>\n\t\t\t\t<\/div>\n\t\t<div class=\"elementor-element elementor-element-cac3369 e-con-full e-flex e-con e-child\" data-id=\"cac3369\" data-element_type=\"container\" data-e-type=\"container\">\n\t\t\t\t<div class=\"elementor-element elementor-element-9ffb186 elementor-widget elementor-widget-spacer\" data-id=\"9ffb186\" data-element_type=\"widget\" data-e-type=\"widget\" data-widget_type=\"spacer.default\">\n\t\t\t\t<div class=\"elementor-widget-container\">\n\t\t\t\t\t\t\t<div class=\"elementor-spacer\">\n\t\t\t<div class=\"elementor-spacer-inner\"><\/div>\n\t\t<\/div>\n\t\t\t\t\t\t<\/div>\n\t\t\t\t<\/div>\n\t\t<div class=\"elementor-element elementor-element-1ac41bb e-con-full e-flex e-con e-child\" data-id=\"1ac41bb\" data-element_type=\"container\" data-e-type=\"container\" data-settings=\"{&quot;background_background&quot;:&quot;classic&quot;}\">\n\t\t<div class=\"elementor-element elementor-element-e77533e e-flex e-con-boxed e-con e-child\" data-id=\"e77533e\" data-element_type=\"container\" data-e-type=\"container\">\n\t\t\t\t\t<div class=\"e-con-inner\">\n\t\t<div class=\"elementor-element elementor-element-58a42f4 e-con-full e-flex e-con e-child\" data-id=\"58a42f4\" data-element_type=\"container\" data-e-type=\"container\">\n\t\t\t\t<div class=\"elementor-element elementor-element-fc58328 elementor-widget elementor-widget-text-editor\" data-id=\"fc58328\" data-element_type=\"widget\" data-e-type=\"widget\" data-widget_type=\"text-editor.default\">\n\t\t\t\t<div class=\"elementor-widget-container\">\n\t\t\t\t\t\t\t\t\t<p>How to make the right decision?<\/p>\t\t\t\t\t\t\t\t<\/div>\n\t\t\t\t<\/div>\n\t\t\t\t<div class=\"elementor-element elementor-element-6a0f181 elementor-widget elementor-widget-text-editor\" data-id=\"6a0f181\" data-element_type=\"widget\" data-e-type=\"widget\" data-widget_type=\"text-editor.default\">\n\t\t\t\t<div class=\"elementor-widget-container\">\n\t\t\t\t\t\t\t\t\t<p><span style=\"font-weight: 400;\">Modernizing the core system is not about improvising, but about aligning technology with business objectives to generate real and sustainable value.<\/span><\/p>\t\t\t\t\t\t\t\t<\/div>\n\t\t\t\t<\/div>\n\t\t\t\t<div class=\"elementor-element elementor-element-db06a2f elementor-widget__width-initial elementor-widget elementor-widget-text-editor\" data-id=\"db06a2f\" data-element_type=\"widget\" data-e-type=\"widget\" id=\"lista\" data-widget_type=\"text-editor.default\">\n\t\t\t\t<div class=\"elementor-widget-container\">\n\t\t\t\t\t\t\t\t\t<img decoding=\"async\" class=\"size-full wp-image-21122 alignleft\" src=\"https:\/\/itpatagonia.com\/wp-content\/uploads\/2025\/07\/Check-29.png\" alt=\"\" width=\"40\" height=\"40\" srcset=\"https:\/\/itpatagonia.com\/wp-content\/uploads\/2025\/07\/Check-29.png 40w, https:\/\/itpatagonia.com\/wp-content\/uploads\/2025\/07\/Check-29-12x12.png 12w\" sizes=\"(max-width: 40px) 100vw, 40px\" \/>\n<p class=\"doble\" style=\"font-weight: 400;\"><b> The 7R&#039;s roadmap:<\/b> the practical methodology that will help you make informed decisions.<\/p>\n<img decoding=\"async\" class=\"size-full wp-image-21122 alignleft\" src=\"https:\/\/itpatagonia.com\/wp-content\/uploads\/2025\/07\/Check-29.png\" alt=\"\" width=\"40\" height=\"40\" srcset=\"https:\/\/itpatagonia.com\/wp-content\/uploads\/2025\/07\/Check-29.png 40w, https:\/\/itpatagonia.com\/wp-content\/uploads\/2025\/07\/Check-29-12x12.png 12w\" sizes=\"(max-width: 40px) 100vw, 40px\" \/>\n<p class=\"doble\" style=\"font-weight: 400;\"><b>Real success stories: <\/b>Argentine financial entities that achieved savings of 30-40% in MIPS and completed migrations in 16 months.<\/p>\n<img decoding=\"async\" class=\"size-full wp-image-21122 alignleft\" src=\"https:\/\/itpatagonia.com\/wp-content\/uploads\/2025\/07\/Check-29.png\" alt=\"\" width=\"40\" height=\"40\" srcset=\"https:\/\/itpatagonia.com\/wp-content\/uploads\/2025\/07\/Check-29.png 40w, https:\/\/itpatagonia.com\/wp-content\/uploads\/2025\/07\/Check-29-12x12.png 12w\" sizes=\"(max-width: 40px) 100vw, 40px\" \/>\n<p class=\"doble\" style=\"font-weight: 400;\"><b>The six experiences <\/b>more common in transformation processes.<\/p>\t\t\t\t\t\t\t\t<\/div>\n\t\t\t\t<\/div>\n\t\t\t\t<\/div>\n\t\t<div class=\"elementor-element elementor-element-8397f34 e-con-full e-flex e-con e-child\" data-id=\"8397f34\" data-element_type=\"container\" data-e-type=\"container\">\n\t\t<div class=\"elementor-element elementor-element-a917a9e e-con-full elementor-hidden-mobile e-flex e-con e-child\" data-id=\"a917a9e\" data-element_type=\"container\" data-e-type=\"container\">\n\t\t\t\t<div class=\"elementor-element elementor-element-01846e5 elementor-widget elementor-widget-image\" data-id=\"01846e5\" data-element_type=\"widget\" data-e-type=\"widget\" data-widget_type=\"image.default\">\n\t\t\t\t<div class=\"elementor-widget-container\">\n\t\t\t\t\t\t\t\t\t\t\t\t\t\t\t<img decoding=\"async\" width=\"1200\" height=\"1200\" src=\"https:\/\/itpatagonia.com\/wp-content\/uploads\/2025\/11\/Landing-Bajada-v2.png\" class=\"attachment-full size-full wp-image-29009\" alt=\"\" srcset=\"https:\/\/itpatagonia.com\/wp-content\/uploads\/2025\/11\/Landing-Bajada-v2.png 1200w, https:\/\/itpatagonia.com\/wp-content\/uploads\/2025\/11\/Landing-Bajada-v2-300x300.png 300w, https:\/\/itpatagonia.com\/wp-content\/uploads\/2025\/11\/Landing-Bajada-v2-1024x1024.png 1024w, https:\/\/itpatagonia.com\/wp-content\/uploads\/2025\/11\/Landing-Bajada-v2-150x150.png 150w, https:\/\/itpatagonia.com\/wp-content\/uploads\/2025\/11\/Landing-Bajada-v2-768x768.png 768w, https:\/\/itpatagonia.com\/wp-content\/uploads\/2025\/11\/Landing-Bajada-v2-12x12.png 12w, https:\/\/itpatagonia.com\/wp-content\/uploads\/2025\/11\/Landing-Bajada-v2-720x720.png 720w\" sizes=\"(max-width: 1200px) 100vw, 1200px\" \/>\t\t\t\t\t\t\t\t\t\t\t\t\t\t\t<\/div>\n\t\t\t\t<\/div>\n\t\t\t\t<\/div>\n\t\t\t\t<\/div>\n\t\t\t\t\t<\/div>\n\t\t\t\t<\/div>\n\t\t<div class=\"elementor-element elementor-element-f3e614b e-con-full e-flex e-con e-child\" data-id=\"f3e614b\" data-element_type=\"container\" data-e-type=\"container\" data-settings=\"{&quot;background_background&quot;:&quot;classic&quot;}\">\n\t\t\t\t<div class=\"elementor-element elementor-element-9728299 elementor-widget elementor-widget-heading\" data-id=\"9728299\" data-element_type=\"widget\" data-e-type=\"widget\" data-widget_type=\"heading.default\">\n\t\t\t\t<div class=\"elementor-widget-container\">\n\t\t\t\t\t<h3 class=\"elementor-heading-title elementor-size-default\">The time to scale the value of the core is now. <br>\nAnd the decision is in your hands.\n<\/h3>\t\t\t\t<\/div>\n\t\t\t\t<\/div>\n\t\t\t\t<div class=\"elementor-element elementor-element-749d615 elementor-align-center elementor-widget elementor-widget-button\" data-id=\"749d615\" data-element_type=\"widget\" data-e-type=\"widget\" data-widget_type=\"button.default\">\n\t\t\t\t<div class=\"elementor-widget-container\">\n\t\t\t\t\t\t\t\t\t<div class=\"elementor-button-wrapper\">\n\t\t\t\t\t<a class=\"elementor-button elementor-button-link elementor-size-sm\" href=\"#form\">\n\t\t\t\t\t\t<span class=\"elementor-button-content-wrapper\">\n\t\t\t\t\t\t\t\t\t<span class=\"elementor-button-text\">Download ebook<\/span>\n\t\t\t\t\t<\/span>\n\t\t\t\t\t<\/a>\n\t\t\t\t<\/div>\n\t\t\t\t\t\t\t\t<\/div>\n\t\t\t\t<\/div>\n\t\t\t\t<\/div>\n\t\t\t\t<\/div>\n\t\t\t\t<\/div>\n\t\t\t\t<\/div>\n\t\t\t\t<\/div>","protected":false},"excerpt":{"rendered":"<p>El dilema de los 3 caminos:\u00a0 Un roadmap para modernizar el mainframe sin perderse el proceso Descubr\u00ed c\u00f3mo transformar tu core en un activo estrat\u00e9gico para conseguir continuidad operativa, eficiencia y evoluci\u00f3n tecnol\u00f3gica. Descarg\u00e1 el ebook \u00bfC\u00f3mo tomar la decisi\u00f3n correcta? La modernizaci\u00f3n del core no se trata de improvisar, sino de alinear la tecnolog\u00eda [&hellip;]<\/p>\n","protected":false},"author":5,"featured_media":29008,"parent":20813,"menu_order":0,"comment_status":"closed","ping_status":"closed","template":"","meta":{"_acf_changed":false,"content-type":"","footnotes":""},"class_list":["post-28650","page","type-page","status-publish","has-post-thumbnail","hentry"],"acf":[],"yoast_head":"<!-- This site is optimized with the Yoast SEO plugin v27.2 - https:\/\/yoast.com\/product\/yoast-seo-wordpress\/ -->\n<title>El dilema de los 3 caminos: claves para modernizar tu Mainframe<\/title>\n<meta name=\"description\" content=\"Descarg\u00e1 el ebook gratuito y descubr\u00ed c\u00f3mo transformar tu core en un activo estrat\u00e9gico que acompa\u00f1e la evoluci\u00f3n del negocio.\" \/>\n<meta name=\"robots\" content=\"index, follow, max-snippet:-1, max-image-preview:large, max-video-preview:-1\" \/>\n<link rel=\"canonical\" href=\"https:\/\/itpatagonia.com\/en\/servicios\/mainframe\/ebook-el-dilema-de-los-3-caminos\/\" \/>\n<meta property=\"og:locale\" content=\"en_US\" \/>\n<meta property=\"og:type\" content=\"article\" \/>\n<meta property=\"og:title\" content=\"El dilema de los 3 caminos: claves para modernizar tu Mainframe\" \/>\n<meta property=\"og:description\" content=\"Descarg\u00e1 el ebook gratuito y descubr\u00ed c\u00f3mo transformar tu core en un activo estrat\u00e9gico que acompa\u00f1e la evoluci\u00f3n del negocio.\" \/>\n<meta property=\"og:url\" content=\"https:\/\/itpatagonia.com\/en\/servicios\/mainframe\/ebook-el-dilema-de-los-3-caminos\/\" \/>\n<meta property=\"og:site_name\" content=\"IT Patagonia\" \/>\n<meta property=\"article:modified_time\" content=\"2026-02-02T20:01:02+00:00\" \/>\n<meta property=\"og:image\" content=\"https:\/\/itpatagonia.com\/wp-content\/uploads\/2025\/11\/Landing-Mockupv3.png\" \/>\n\t<meta property=\"og:image:width\" content=\"1096\" \/>\n\t<meta property=\"og:image:height\" content=\"770\" \/>\n\t<meta property=\"og:image:type\" content=\"image\/png\" \/>\n<meta name=\"twitter:card\" content=\"summary_large_image\" \/>\n<meta name=\"twitter:label1\" content=\"Est. reading time\" \/>\n\t<meta name=\"twitter:data1\" content=\"2 minutes\" \/>\n<script type=\"application\/ld+json\" class=\"yoast-schema-graph\">{\"@context\":\"https:\/\/schema.org\",\"@graph\":[{\"@type\":\"WebPage\",\"@id\":\"https:\/\/itpatagonia.com\/servicios\/mainframe\/ebook-el-dilema-de-los-3-caminos\",\"url\":\"https:\/\/itpatagonia.com\/servicios\/mainframe\/ebook-el-dilema-de-los-3-caminos\",\"name\":\"El dilema de los 3 caminos: claves para modernizar tu Mainframe\",\"isPartOf\":{\"@id\":\"https:\/\/itpatagonia.com\/#website\"},\"primaryImageOfPage\":{\"@id\":\"https:\/\/itpatagonia.com\/servicios\/mainframe\/ebook-el-dilema-de-los-3-caminos#primaryimage\"},\"image\":{\"@id\":\"https:\/\/itpatagonia.com\/servicios\/mainframe\/ebook-el-dilema-de-los-3-caminos#primaryimage\"},\"thumbnailUrl\":\"https:\/\/itpatagonia.com\/wp-content\/uploads\/2025\/11\/Landing-Mockupv3.png\",\"datePublished\":\"2025-11-12T20:58:18+00:00\",\"dateModified\":\"2026-02-02T20:01:02+00:00\",\"description\":\"Descarg\u00e1 el ebook gratuito y descubr\u00ed c\u00f3mo transformar tu core en un activo estrat\u00e9gico que acompa\u00f1e la evoluci\u00f3n del negocio.\",\"breadcrumb\":{\"@id\":\"https:\/\/itpatagonia.com\/servicios\/mainframe\/ebook-el-dilema-de-los-3-caminos#breadcrumb\"},\"inLanguage\":\"en-US\",\"potentialAction\":[{\"@type\":\"ReadAction\",\"target\":[\"https:\/\/itpatagonia.com\/servicios\/mainframe\/ebook-el-dilema-de-los-3-caminos\"]}]},{\"@type\":\"ImageObject\",\"inLanguage\":\"en-US\",\"@id\":\"https:\/\/itpatagonia.com\/servicios\/mainframe\/ebook-el-dilema-de-los-3-caminos#primaryimage\",\"url\":\"https:\/\/itpatagonia.com\/wp-content\/uploads\/2025\/11\/Landing-Mockupv3.png\",\"contentUrl\":\"https:\/\/itpatagonia.com\/wp-content\/uploads\/2025\/11\/Landing-Mockupv3.png\",\"width\":1096,\"height\":770,\"caption\":\"Ebook descarga\"},{\"@type\":\"BreadcrumbList\",\"@id\":\"https:\/\/itpatagonia.com\/servicios\/mainframe\/ebook-el-dilema-de-los-3-caminos#breadcrumb\",\"itemListElement\":[{\"@type\":\"ListItem\",\"position\":1,\"name\":\"Portada\",\"item\":\"https:\/\/itpatagonia.com\/\"},{\"@type\":\"ListItem\",\"position\":2,\"name\":\"Servicios\",\"item\":\"https:\/\/itpatagonia.com\/servicios\"},{\"@type\":\"ListItem\",\"position\":3,\"name\":\"Landing Mainframe\",\"item\":\"https:\/\/itpatagonia.com\/servicios\/mainframe\"},{\"@type\":\"ListItem\",\"position\":4,\"name\":\"Landing E-book\"}]},{\"@type\":\"WebSite\",\"@id\":\"https:\/\/itpatagonia.com\/#website\",\"url\":\"https:\/\/itpatagonia.com\/\",\"name\":\"IT Patagonia\",\"description\":\"\",\"publisher\":{\"@id\":\"https:\/\/itpatagonia.com\/#organization\"},\"potentialAction\":[{\"@type\":\"SearchAction\",\"target\":{\"@type\":\"EntryPoint\",\"urlTemplate\":\"https:\/\/itpatagonia.com\/?s={search_term_string}\"},\"query-input\":{\"@type\":\"PropertyValueSpecification\",\"valueRequired\":true,\"valueName\":\"search_term_string\"}}],\"inLanguage\":\"en-US\"},{\"@type\":\"Organization\",\"@id\":\"https:\/\/itpatagonia.com\/#organization\",\"name\":\"IT Patagonia\",\"url\":\"https:\/\/itpatagonia.com\/\",\"logo\":{\"@type\":\"ImageObject\",\"inLanguage\":\"en-US\",\"@id\":\"https:\/\/itpatagonia.com\/#\/schema\/logo\/image\/\",\"url\":\"https:\/\/itpatagonia.com\/wp-content\/uploads\/2023\/11\/IT-Patagonia-logo-web.png\",\"contentUrl\":\"https:\/\/itpatagonia.com\/wp-content\/uploads\/2023\/11\/IT-Patagonia-logo-web.png\",\"width\":350,\"height\":100,\"caption\":\"IT Patagonia\"},\"image\":{\"@id\":\"https:\/\/itpatagonia.com\/#\/schema\/logo\/image\/\"},\"sameAs\":[\"https:\/\/www.linkedin.com\/company\/itpatagonia\/\"]}]}<\/script>\n<!-- \/ Yoast SEO plugin. -->","yoast_head_json":{"title":"El dilema de los 3 caminos: claves para modernizar tu Mainframe","description":"Descarg\u00e1 el ebook gratuito y descubr\u00ed c\u00f3mo transformar tu core en un activo estrat\u00e9gico que acompa\u00f1e la evoluci\u00f3n del negocio.","robots":{"index":"index","follow":"follow","max-snippet":"max-snippet:-1","max-image-preview":"max-image-preview:large","max-video-preview":"max-video-preview:-1"},"canonical":"https:\/\/itpatagonia.com\/en\/servicios\/mainframe\/ebook-el-dilema-de-los-3-caminos\/","og_locale":"en_US","og_type":"article","og_title":"El dilema de los 3 caminos: claves para modernizar tu Mainframe","og_description":"Descarg\u00e1 el ebook gratuito y descubr\u00ed c\u00f3mo transformar tu core en un activo estrat\u00e9gico que acompa\u00f1e la evoluci\u00f3n del negocio.","og_url":"https:\/\/itpatagonia.com\/en\/servicios\/mainframe\/ebook-el-dilema-de-los-3-caminos\/","og_site_name":"IT Patagonia","article_modified_time":"2026-02-02T20:01:02+00:00","og_image":[{"width":1096,"height":770,"url":"https:\/\/itpatagonia.com\/wp-content\/uploads\/2025\/11\/Landing-Mockupv3.png","type":"image\/png"}],"twitter_card":"summary_large_image","twitter_misc":{"Est. reading time":"2 minutes"},"schema":{"@context":"https:\/\/schema.org","@graph":[{"@type":"WebPage","@id":"https:\/\/itpatagonia.com\/servicios\/mainframe\/ebook-el-dilema-de-los-3-caminos","url":"https:\/\/itpatagonia.com\/servicios\/mainframe\/ebook-el-dilema-de-los-3-caminos","name":"El dilema de los 3 caminos: claves para modernizar tu Mainframe","isPartOf":{"@id":"https:\/\/itpatagonia.com\/#website"},"primaryImageOfPage":{"@id":"https:\/\/itpatagonia.com\/servicios\/mainframe\/ebook-el-dilema-de-los-3-caminos#primaryimage"},"image":{"@id":"https:\/\/itpatagonia.com\/servicios\/mainframe\/ebook-el-dilema-de-los-3-caminos#primaryimage"},"thumbnailUrl":"https:\/\/itpatagonia.com\/wp-content\/uploads\/2025\/11\/Landing-Mockupv3.png","datePublished":"2025-11-12T20:58:18+00:00","dateModified":"2026-02-02T20:01:02+00:00","description":"Descarg\u00e1 el ebook gratuito y descubr\u00ed c\u00f3mo transformar tu core en un activo estrat\u00e9gico que acompa\u00f1e la evoluci\u00f3n del negocio.","breadcrumb":{"@id":"https:\/\/itpatagonia.com\/servicios\/mainframe\/ebook-el-dilema-de-los-3-caminos#breadcrumb"},"inLanguage":"en-US","potentialAction":[{"@type":"ReadAction","target":["https:\/\/itpatagonia.com\/servicios\/mainframe\/ebook-el-dilema-de-los-3-caminos"]}]},{"@type":"ImageObject","inLanguage":"en-US","@id":"https:\/\/itpatagonia.com\/servicios\/mainframe\/ebook-el-dilema-de-los-3-caminos#primaryimage","url":"https:\/\/itpatagonia.com\/wp-content\/uploads\/2025\/11\/Landing-Mockupv3.png","contentUrl":"https:\/\/itpatagonia.com\/wp-content\/uploads\/2025\/11\/Landing-Mockupv3.png","width":1096,"height":770,"caption":"Ebook descarga"},{"@type":"BreadcrumbList","@id":"https:\/\/itpatagonia.com\/servicios\/mainframe\/ebook-el-dilema-de-los-3-caminos#breadcrumb","itemListElement":[{"@type":"ListItem","position":1,"name":"Portada","item":"https:\/\/itpatagonia.com\/"},{"@type":"ListItem","position":2,"name":"Servicios","item":"https:\/\/itpatagonia.com\/servicios"},{"@type":"ListItem","position":3,"name":"Landing Mainframe","item":"https:\/\/itpatagonia.com\/servicios\/mainframe"},{"@type":"ListItem","position":4,"name":"Landing E-book"}]},{"@type":"WebSite","@id":"https:\/\/itpatagonia.com\/#website","url":"https:\/\/itpatagonia.com\/","name":"IT Patagonia","description":"","publisher":{"@id":"https:\/\/itpatagonia.com\/#organization"},"potentialAction":[{"@type":"SearchAction","target":{"@type":"EntryPoint","urlTemplate":"https:\/\/itpatagonia.com\/?s={search_term_string}"},"query-input":{"@type":"PropertyValueSpecification","valueRequired":true,"valueName":"search_term_string"}}],"inLanguage":"en-US"},{"@type":"Organization","@id":"https:\/\/itpatagonia.com\/#organization","name":"IT Patagonia","url":"https:\/\/itpatagonia.com\/","logo":{"@type":"ImageObject","inLanguage":"en-US","@id":"https:\/\/itpatagonia.com\/#\/schema\/logo\/image\/","url":"https:\/\/itpatagonia.com\/wp-content\/uploads\/2023\/11\/IT-Patagonia-logo-web.png","contentUrl":"https:\/\/itpatagonia.com\/wp-content\/uploads\/2023\/11\/IT-Patagonia-logo-web.png","width":350,"height":100,"caption":"IT Patagonia"},"image":{"@id":"https:\/\/itpatagonia.com\/#\/schema\/logo\/image\/"},"sameAs":["https:\/\/www.linkedin.com\/company\/itpatagonia\/"]}]}},"_links":{"self":[{"href":"https:\/\/itpatagonia.com\/en\/wp-json\/wp\/v2\/pages\/28650","targetHints":{"allow":["GET"]}}],"collection":[{"href":"https:\/\/itpatagonia.com\/en\/wp-json\/wp\/v2\/pages"}],"about":[{"href":"https:\/\/itpatagonia.com\/en\/wp-json\/wp\/v2\/types\/page"}],"author":[{"embeddable":true,"href":"https:\/\/itpatagonia.com\/en\/wp-json\/wp\/v2\/users\/5"}],"replies":[{"embeddable":true,"href":"https:\/\/itpatagonia.com\/en\/wp-json\/wp\/v2\/comments?post=28650"}],"version-history":[{"count":241,"href":"https:\/\/itpatagonia.com\/en\/wp-json\/wp\/v2\/pages\/28650\/revisions"}],"predecessor-version":[{"id":29471,"href":"https:\/\/itpatagonia.com\/en\/wp-json\/wp\/v2\/pages\/28650\/revisions\/29471"}],"up":[{"embeddable":true,"href":"https:\/\/itpatagonia.com\/en\/wp-json\/wp\/v2\/pages\/20813"}],"wp:featuredmedia":[{"embeddable":true,"href":"https:\/\/itpatagonia.com\/en\/wp-json\/wp\/v2\/media\/29008"}],"wp:attachment":[{"href":"https:\/\/itpatagonia.com\/en\/wp-json\/wp\/v2\/media?parent=28650"}],"curies":[{"name":"wp","href":"https:\/\/api.w.org\/{rel}","templated":true}]}}