{"id":16781,"date":"2025-01-28T00:21:29","date_gmt":"2025-01-27T23:21:29","guid":{"rendered":"https:\/\/itpatagonia.com\/?page_id=16781"},"modified":"2025-01-28T15:31:25","modified_gmt":"2025-01-28T14:31:25","slug":"politica-privacidad","status":"publish","type":"page","link":"https:\/\/itpatagonia.com\/es\/politica-privacidad","title":{"rendered":"politica-privacidad"},"content":{"rendered":"<div data-elementor-type=\"wp-page\" data-elementor-id=\"16781\" class=\"elementor elementor-16781\" data-elementor-post-type=\"page\">\n\t\t\t\t<div class=\"elementor-element elementor-element-0c0aea2 e-flex e-con-boxed e-con e-parent\" data-id=\"0c0aea2\" data-element_type=\"container\" data-e-type=\"container\">\n\t\t\t\t\t<div class=\"e-con-inner\">\n\t\t\t\t<div class=\"elementor-element elementor-element-978f0dc elementor-widget elementor-widget-html\" data-id=\"978f0dc\" data-element_type=\"widget\" data-e-type=\"widget\" data-widget_type=\"html.default\">\n\t\t\t\t<div class=\"elementor-widget-container\">\n\t\t\t\t\t<style>\n    a.cky-banner-element {\n        padding: 8px 30px;\n        background: #F8F9FA;\n        color: #858A8F;\n        border: 1px solid #DEE2E6;\n        box-sizing: border-box;\n        border-radius: 2px;\n        cursor: pointer;\n}\n<\/style>\n<h1 class=\"privacy-policy-h1\">Pol\u00edtica de Privacidad <\/h1>\n    <br><span>\u00daltima actualizaci\u00f3n el 27 de enero de 2025<\/span>\n    <br><span>Fecha de entrada en vigor 1 de enero de 2025<\/span><br><br>\n   \n    \n    <p class=\"privacy-policy-p\">\n        Esta Pol\u00edtica de Privacidad describe las pol\u00edticas de:<br>\n    \n        TI Patagonia S.A<br>\n        Avenida S\u00e1enz 17, Piso 6,<br>\n        buenos aires<br>\n        ADN C1437,<br>\n        Argentina,<br>\n        correo electr\u00f3nico: web@itpatagonia.com,<br>\n        tel\u00e9fono: +54115263-8299<br><br>\n    \n        En la colecci\u00f3n,\n        uso y divulgaci\u00f3n de su informaci\u00f3n que recopilamos\n        cuando utiliza nuestro sitio web (https:\/\/itpatagonia.com).\n        (el \u201cServicio\u201d). Al acceder o utilizar\n        el\n        Servicio, usted acepta la recopilaci\u00f3n, uso y\n        divulgaci\u00f3n de su informaci\u00f3n de acuerdo con este\n        Pol\u00edtica de privacidad. Si no consientes lo mismo,\n        no acceda ni utilice el Servicio.\n    <\/p>\n    \n    <p class=\"privacy-policy-p\">\n        Podemos modificar esta Pol\u00edtica de Privacidad en cualquier momento sin\n        cualquier aviso previo a usted y publicaremos la versi\u00f3n revisada\n        Pol\u00edtica de Privacidad del Servicio. La Pol\u00edtica revisada\n        tendr\u00e1 vigencia a los 180 d\u00edas de la fecha en que\n        La Pol\u00edtica revisada se publica en el Servicio y su\n        acceso o uso continuo del Servicio despu\u00e9s de dicho tiempo\n        constituir\u00e1 su aceptaci\u00f3n de la Privacidad revisada\n        Pol\u00edtica. Por ello le recomendamos que peri\u00f3dicamente\n        revisa esta p\u00e1gina.\n    <\/p>\n    \n    <ol class=\"privacy-policy-ol\">\n            <li>\n            <h6 class=\"privacy-policy-h2\">\n                Informaci\u00f3n que recopilamos:\n            <\/h6>\n    \n            \n            <p class=\"privacy-policy-p\">\n                Recopilaremos y procesaremos lo siguiente\n                informaci\u00f3n personal sobre usted:\n            <\/p>\n            <ol class=\"privacy-policy-ol\">\n    \n                            <li>Nombre<\/li>\n                \n                            <li>Email<\/li>\n                \n                            <li>Mobile<\/li>\n                \n                            <li>Perfiles Social Media <\/li>\n                \n                            <li>D\u00eda de Nacimiento<\/li>\n                \n                            <li>Direcci\u00f3n<\/li>\n                \n                            <li>Experiencia Laboral<\/li>\n                            \n            <\/ol>\n            \n    \n            \n    \n        <\/li><br>\n    \n        \n        \n    \n            <li>\n            <h6 class=\"privacy-policy-h2\">\n                C\u00f3mo utilizamos su informaci\u00f3n:\n            <\/h6>\n            <p class=\"privacy-policy-p\">\n                Usaremos la informaci\u00f3n que recopilamos\n                sobre usted para los siguientes prop\u00f3sitos:\n            <\/p>\n            <ol class=\"privacy-policy-ol\">\n    \n                            <li>Marketing\/Promoci\u00f3n<\/li>\n                \n                \n                \n                \n                \n                \n                \n                \n                            <li>Publicidad dirigida<\/li>\n                \n                            <li>Gestionar el pedido del cliente<\/li>\n                \n                \n                \n                \n                \n            <\/ol><br>\n            <p class=\"privacy-policy-p\">\n                Si queremos utilizar su informaci\u00f3n para cualquier otro\n                prop\u00f3sito, le pediremos su consentimiento y le\n                Utilice su informaci\u00f3n s\u00f3lo al recibir su\n                consentimiento y luego, s\u00f3lo para el(los) prop\u00f3sito(s) para\n                que otorgan consentimiento a menos que estemos obligados a hacerlo\n                de lo contrario por ley.\n            <\/p>\n        <\/li><br><br>\n        \n        \n        <li>\n            <h6 class=\"privacy-policy-h2\">\n                C\u00f3mo compartimos su informaci\u00f3n:\n            <\/h6>\n    \n    \n                    <p class=\"privacy-policy-p\">\n                        No transferiremos tu informaci\u00f3n personal\n                        a cualquier tercero sin solicitar su consentimiento,\n                        excepto en circunstancias limitadas como se describe\n                        abajo:\n            <\/p>\n            <ol class=\"privacy-policy-ol\">\n                            <li>Ad service<\/li>\n                \n                \n                            <li>Marketing agencies<\/li>\n                \n                \n                            <li>Analytics<\/li>\n                \n                \n                            <li>Recopilaci\u00f3n y proceso de datos<\/li>\n                        <\/ol>\n            \n            <p class=\"privacy-policy-p\">\n                Requerimos que dichos terceros utilicen el\n                informaci\u00f3n personal que solo les transferimos a ellos\n                para el fin para el cual fue transferido y\n                no retenerlo por m\u00e1s tiempo del necesario para\n                cumpliendo con el citado prop\u00f3sito.\n            <\/p>\n            <p class=\"privacy-policy-p\">\n                Tambi\u00e9n podemos revelar su informaci\u00f3n personal.\n                para lo siguiente: (1) cumplir con las normas aplicables\n                ley, reglamento, orden judicial u otro documento legal\n                proceso; (2) para hacer cumplir sus acuerdos con nosotros,\n                incluyendo esta Pol\u00edtica de Privacidad; o (3) para responder\n                a reclamos de que su uso del Servicio viola\n                cualquier derecho de terceros. Si el Servicio o nuestro\n                empresa se fusiona o adquiere con otra\n                empresa, su informaci\u00f3n ser\u00e1 una de las\n                bienes que se transfieren al nuevo propietario.\n            <\/p>\n        <\/li>\n        \n    \n            <li>\n            <h6 class=\"privacy-policy-h2\">\n                Retenci\u00f3n de su informaci\u00f3n:\n            <\/h6>\n            <p class=\"privacy-policy-p\">\n                Conservaremos su informaci\u00f3n personal con nosotros.\n                para\n                            90 d\u00edas a 2 a\u00f1os despu\u00e9s de que las cuentas de usuario permanezcan inactivas\n                            o por como\n                siempre y cuando lo necesitemos para cumplir los prop\u00f3sitos de\n                que fue recopilado como se detalla en este\n                Pol\u00edtica de privacidad. Es posible que necesitemos conservar ciertos\n                informaci\u00f3n durante per\u00edodos m\u00e1s largos, como\n                mantenimiento de registros\/informes de acuerdo con\n                ley aplicable o por otras razones leg\u00edtimas\n                como la aplicaci\u00f3n de derechos legales, fraude\n                prevenci\u00f3n, etc. Informaci\u00f3n an\u00f3nima residual\n                e informaci\u00f3n agregada, ninguna de las cuales\n                lo identifica (directa o indirectamente), puede ser\n                almacenado indefinidamente.\n            <\/p>\n        <\/li>\n        \n        <li>\n            <h6 class=\"privacy-policy-h2\">\n                Tus derechos:\n            <\/h6>\n            <p class=\"privacy-policy-p\">\n                Dependiendo de la ley que se aplique, es posible que tenga\n                un derecho a acceder y rectificar o borrar su\n                datos personales o recibir una copia de sus datos personales\n                datos, restringir u oponerse a la actividad\n                procesamiento de sus datos, p\u00eddanos que los compartamos (portar)\n                su informaci\u00f3n personal a otra entidad,\n                retirar cualquier consentimiento que nos haya proporcionado para\n                procesar sus datos, derecho a presentar una reclamaci\u00f3n\n                con una autoridad legal y otros derechos similares\n                seg\u00fan sea relevante seg\u00fan las leyes aplicables. A\n                ejercer estos derechos, puede escribirnos a\n                web@itpatagonia.com.\n                Responderemos a tu\n                solicitud de conformidad con la legislaci\u00f3n aplicable.\n            <\/p>\n    \n            \n            <p class=\"privacy-policy-p\">\n                Tenga en cuenta que si no nos permite recopilar\n                o procesar la informaci\u00f3n personal requerida o\n                retirar el consentimiento para procesar el mismo para el\n                fines requeridos, es posible que no pueda acceder\n                o utilizar los servicios para los cuales su informaci\u00f3n\n                fue buscado.\n            <\/p>\n        <\/li>\n            <li>\n            <h6 class=\"privacy-policy-h2\">\n                Cookies Etc.\n            <\/h6>\n            <p class=\"privacy-policy-p\">\n    \n                Para obtener m\u00e1s informaci\u00f3n sobre c\u00f3mo utilizamos estos\n                y sus opciones en relaci\u00f3n con estos seguimientos\n                tecnolog\u00edas, consulte nuestra\n                <a href=\"https:\/\/itpatagonia.com\/es\/politica-cookies\/\">Pol\u00edtica de cookies.<\/a>\n            <\/p>\n        <\/li>\n        \n        <li>\n            <h6 class=\"privacy-policy-h2\">\n                Seguridad:\n            <\/h6>\n            <p class=\"privacy-policy-p\">\n                La seguridad de su informaci\u00f3n es importante para\n                nosotros y utilizaremos medidas de seguridad razonables\n                para evitar la p\u00e9rdida, mal uso o uso no autorizado\n                alteraci\u00f3n de su informaci\u00f3n bajo nuestro\n                control. Sin embargo, dados los riesgos inherentes,\n                no puede garantizar una seguridad absoluta y\n                en consecuencia, no podemos asegurar ni garantizar la\n                seguridad de cualquier informaci\u00f3n que nos transmita\n                y lo hace bajo su propio riesgo.\n            <\/p>\n        <\/li>\n    \n            <li>\n            <h6 class=\"privacy-policy-h2\">\n                Enlaces de terceros y uso de su informaci\u00f3n:\n            <\/h6>\n            <p class=\"privacy-policy-p\">\n                Nuestro Servicio puede contener enlaces a otros sitios web.\n                que no son operados por nosotros. Esta Pol\u00edtica de Privacidad\n                no aborda la pol\u00edtica de privacidad y otros\n                pr\u00e1cticas de terceros, incluyendo cualquier\n                tercero que opera cualquier sitio web o servicio\n                que puede ser accesible a trav\u00e9s de un enlace en el\n                Servicio. Le recomendamos encarecidamente que revise el\n                pol\u00edtica de privacidad de cada sitio que visite. Tenemos\n                no controla ni asume ninguna responsabilidad por\n                el contenido, las pol\u00edticas o pr\u00e1cticas de privacidad de\n                cualquier sitio o servicio de terceros.\n            <\/p>\n        <\/li>\n        \n        <li>\n            <h6 class=\"privacy-policy-h2\">\n                Delegado de Quejas\/Protecci\u00f3n de Datos:\n            <\/h6>\n            <p class=\"privacy-policy-p\">\n                Si tiene alguna consulta o inquietud sobre el\n                procesamiento de su informaci\u00f3n que est\u00e1 disponible\n                con nosotros, puede enviar un correo electr\u00f3nico a nuestro Oficial de Quejas a\n                TI Patagonia S.A.,\n                Avenida S\u00e1enz 17, Piso 6,\n                correo electr\u00f3nico: web@itpatagonia.com.\n                Atenderemos sus inquietudes de acuerdo con la ley aplicable.\n            <\/p>\n        <\/li>\n    <\/ol>\n    <p class=\"privacy-policy-p\">\n        Privacy Policy generated with  <a target=\"_blank\" href=\"https:\/\/www.cookieyes.com\/?utm_source=PP&utm_medium=footer&utm_campaign=UW\">CookieYes<\/a>.\n    <\/p>\t\t\t\t<\/div>\n\t\t\t\t<\/div>\n\t\t\t\t\t<\/div>\n\t\t\t\t<\/div>\n\t\t\t\t<\/div>","protected":false},"excerpt":{"rendered":"<p>Pol\u00edtica de Privacidad \u00daltima actualizaci\u00f3n el 27 de enero de 2025 Fecha de entrada en vigor 1 de enero de 2025 Esta Pol\u00edtica de Privacidad describe las pol\u00edticas de: TI Patagonia S.A Avenida S\u00e1enz 17, Piso 6, buenos aires ADN C1437, Argentina, correo electr\u00f3nico: web@itpatagonia.com, tel\u00e9fono: +54115263-8299 En la colecci\u00f3n, uso y divulgaci\u00f3n de su [&hellip;]<\/p>\n","protected":false},"author":5,"featured_media":0,"parent":0,"menu_order":0,"comment_status":"closed","ping_status":"closed","template":"elementor_header_footer","meta":{"_acf_changed":false,"content-type":"","footnotes":""},"class_list":["post-16781","page","type-page","status-publish","hentry"],"acf":[],"yoast_head":"<!-- This site is optimized with the Yoast SEO plugin v27.5 - https:\/\/yoast.com\/product\/yoast-seo-wordpress\/ -->\n<title>politica-privacidad - IT Patagonia<\/title>\n<meta name=\"robots\" content=\"index, follow, max-snippet:-1, max-image-preview:large, max-video-preview:-1\" \/>\n<link rel=\"canonical\" href=\"https:\/\/itpatagonia.com\/es\/politica-privacidad\/\" \/>\n<meta property=\"og:locale\" content=\"es_ES\" \/>\n<meta property=\"og:type\" content=\"article\" \/>\n<meta property=\"og:title\" content=\"politica-privacidad - IT Patagonia\" \/>\n<meta property=\"og:description\" content=\"Pol\u00edtica de Privacidad \u00daltima actualizaci\u00f3n el 27 de enero de 2025 Fecha de entrada en vigor 1 de enero de 2025 Esta Pol\u00edtica de Privacidad describe las pol\u00edticas de: TI Patagonia S.A Avenida S\u00e1enz 17, Piso 6, buenos aires ADN C1437, Argentina, correo electr\u00f3nico: web@itpatagonia.com, tel\u00e9fono: +54115263-8299 En la colecci\u00f3n, uso y divulgaci\u00f3n de su [&hellip;]\" \/>\n<meta property=\"og:url\" content=\"https:\/\/itpatagonia.com\/es\/politica-privacidad\/\" \/>\n<meta property=\"og:site_name\" content=\"IT Patagonia\" \/>\n<meta property=\"article:modified_time\" content=\"2025-01-28T14:31:25+00:00\" \/>\n<meta name=\"twitter:card\" content=\"summary_large_image\" \/>\n<meta name=\"twitter:label1\" content=\"Tiempo de lectura\" \/>\n\t<meta name=\"twitter:data1\" content=\"5 minutos\" \/>\n<script type=\"application\/ld+json\" class=\"yoast-schema-graph\">{\"@context\":\"https:\\\/\\\/schema.org\",\"@graph\":[{\"@type\":\"WebPage\",\"@id\":\"https:\\\/\\\/itpatagonia.com\\\/politica-privacidad\",\"url\":\"https:\\\/\\\/itpatagonia.com\\\/politica-privacidad\",\"name\":\"politica-privacidad - IT Patagonia\",\"isPartOf\":{\"@id\":\"https:\\\/\\\/itpatagonia.com\\\/#website\"},\"datePublished\":\"2025-01-27T23:21:29+00:00\",\"dateModified\":\"2025-01-28T14:31:25+00:00\",\"breadcrumb\":{\"@id\":\"https:\\\/\\\/itpatagonia.com\\\/politica-privacidad#breadcrumb\"},\"inLanguage\":\"es\",\"potentialAction\":[{\"@type\":\"ReadAction\",\"target\":[\"https:\\\/\\\/itpatagonia.com\\\/politica-privacidad\"]}]},{\"@type\":\"BreadcrumbList\",\"@id\":\"https:\\\/\\\/itpatagonia.com\\\/politica-privacidad#breadcrumb\",\"itemListElement\":[{\"@type\":\"ListItem\",\"position\":1,\"name\":\"Portada\",\"item\":\"https:\\\/\\\/itpatagonia.com\\\/\"},{\"@type\":\"ListItem\",\"position\":2,\"name\":\"politica-privacidad\"}]},{\"@type\":\"WebSite\",\"@id\":\"https:\\\/\\\/itpatagonia.com\\\/#website\",\"url\":\"https:\\\/\\\/itpatagonia.com\\\/\",\"name\":\"IT Patagonia\",\"description\":\"\",\"publisher\":{\"@id\":\"https:\\\/\\\/itpatagonia.com\\\/#organization\"},\"potentialAction\":[{\"@type\":\"SearchAction\",\"target\":{\"@type\":\"EntryPoint\",\"urlTemplate\":\"https:\\\/\\\/itpatagonia.com\\\/?s={search_term_string}\"},\"query-input\":{\"@type\":\"PropertyValueSpecification\",\"valueRequired\":true,\"valueName\":\"search_term_string\"}}],\"inLanguage\":\"es\"},{\"@type\":\"Organization\",\"@id\":\"https:\\\/\\\/itpatagonia.com\\\/#organization\",\"name\":\"IT Patagonia\",\"url\":\"https:\\\/\\\/itpatagonia.com\\\/\",\"logo\":{\"@type\":\"ImageObject\",\"inLanguage\":\"es\",\"@id\":\"https:\\\/\\\/itpatagonia.com\\\/#\\\/schema\\\/logo\\\/image\\\/\",\"url\":\"https:\\\/\\\/itpatagonia.com\\\/wp-content\\\/uploads\\\/2023\\\/11\\\/IT-Patagonia-logo-web.png\",\"contentUrl\":\"https:\\\/\\\/itpatagonia.com\\\/wp-content\\\/uploads\\\/2023\\\/11\\\/IT-Patagonia-logo-web.png\",\"width\":350,\"height\":100,\"caption\":\"IT Patagonia\"},\"image\":{\"@id\":\"https:\\\/\\\/itpatagonia.com\\\/#\\\/schema\\\/logo\\\/image\\\/\"},\"sameAs\":[\"https:\\\/\\\/www.linkedin.com\\\/company\\\/itpatagonia\\\/\"]}]}<\/script>\n<!-- \/ Yoast SEO plugin. -->","yoast_head_json":{"title":"politica-privacidad - IT Patagonia","robots":{"index":"index","follow":"follow","max-snippet":"max-snippet:-1","max-image-preview":"max-image-preview:large","max-video-preview":"max-video-preview:-1"},"canonical":"https:\/\/itpatagonia.com\/es\/politica-privacidad\/","og_locale":"es_ES","og_type":"article","og_title":"politica-privacidad - IT Patagonia","og_description":"Pol\u00edtica de Privacidad \u00daltima actualizaci\u00f3n el 27 de enero de 2025 Fecha de entrada en vigor 1 de enero de 2025 Esta Pol\u00edtica de Privacidad describe las pol\u00edticas de: TI Patagonia S.A Avenida S\u00e1enz 17, Piso 6, buenos aires ADN C1437, Argentina, correo electr\u00f3nico: web@itpatagonia.com, tel\u00e9fono: +54115263-8299 En la colecci\u00f3n, uso y divulgaci\u00f3n de su [&hellip;]","og_url":"https:\/\/itpatagonia.com\/es\/politica-privacidad\/","og_site_name":"IT Patagonia","article_modified_time":"2025-01-28T14:31:25+00:00","twitter_card":"summary_large_image","twitter_misc":{"Tiempo de lectura":"5 minutos"},"schema":{"@context":"https:\/\/schema.org","@graph":[{"@type":"WebPage","@id":"https:\/\/itpatagonia.com\/politica-privacidad","url":"https:\/\/itpatagonia.com\/politica-privacidad","name":"politica-privacidad - IT Patagonia","isPartOf":{"@id":"https:\/\/itpatagonia.com\/#website"},"datePublished":"2025-01-27T23:21:29+00:00","dateModified":"2025-01-28T14:31:25+00:00","breadcrumb":{"@id":"https:\/\/itpatagonia.com\/politica-privacidad#breadcrumb"},"inLanguage":"es","potentialAction":[{"@type":"ReadAction","target":["https:\/\/itpatagonia.com\/politica-privacidad"]}]},{"@type":"BreadcrumbList","@id":"https:\/\/itpatagonia.com\/politica-privacidad#breadcrumb","itemListElement":[{"@type":"ListItem","position":1,"name":"Portada","item":"https:\/\/itpatagonia.com\/"},{"@type":"ListItem","position":2,"name":"politica-privacidad"}]},{"@type":"WebSite","@id":"https:\/\/itpatagonia.com\/#website","url":"https:\/\/itpatagonia.com\/","name":"IT Patagonia","description":"","publisher":{"@id":"https:\/\/itpatagonia.com\/#organization"},"potentialAction":[{"@type":"SearchAction","target":{"@type":"EntryPoint","urlTemplate":"https:\/\/itpatagonia.com\/?s={search_term_string}"},"query-input":{"@type":"PropertyValueSpecification","valueRequired":true,"valueName":"search_term_string"}}],"inLanguage":"es"},{"@type":"Organization","@id":"https:\/\/itpatagonia.com\/#organization","name":"IT Patagonia","url":"https:\/\/itpatagonia.com\/","logo":{"@type":"ImageObject","inLanguage":"es","@id":"https:\/\/itpatagonia.com\/#\/schema\/logo\/image\/","url":"https:\/\/itpatagonia.com\/wp-content\/uploads\/2023\/11\/IT-Patagonia-logo-web.png","contentUrl":"https:\/\/itpatagonia.com\/wp-content\/uploads\/2023\/11\/IT-Patagonia-logo-web.png","width":350,"height":100,"caption":"IT Patagonia"},"image":{"@id":"https:\/\/itpatagonia.com\/#\/schema\/logo\/image\/"},"sameAs":["https:\/\/www.linkedin.com\/company\/itpatagonia\/"]}]}},"_links":{"self":[{"href":"https:\/\/itpatagonia.com\/es\/wp-json\/wp\/v2\/pages\/16781","targetHints":{"allow":["GET"]}}],"collection":[{"href":"https:\/\/itpatagonia.com\/es\/wp-json\/wp\/v2\/pages"}],"about":[{"href":"https:\/\/itpatagonia.com\/es\/wp-json\/wp\/v2\/types\/page"}],"author":[{"embeddable":true,"href":"https:\/\/itpatagonia.com\/es\/wp-json\/wp\/v2\/users\/5"}],"replies":[{"embeddable":true,"href":"https:\/\/itpatagonia.com\/es\/wp-json\/wp\/v2\/comments?post=16781"}],"version-history":[{"count":34,"href":"https:\/\/itpatagonia.com\/es\/wp-json\/wp\/v2\/pages\/16781\/revisions"}],"predecessor-version":[{"id":16817,"href":"https:\/\/itpatagonia.com\/es\/wp-json\/wp\/v2\/pages\/16781\/revisions\/16817"}],"wp:attachment":[{"href":"https:\/\/itpatagonia.com\/es\/wp-json\/wp\/v2\/media?parent=16781"}],"curies":[{"name":"wp","href":"https:\/\/api.w.org\/{rel}","templated":true}]}}