{"id":30064,"date":"2026-03-27T20:26:40","date_gmt":"2026-03-27T19:26:40","guid":{"rendered":"https:\/\/itpatagonia.com\/?page_id=30064"},"modified":"2026-03-27T20:30:31","modified_gmt":"2026-03-27T19:30:31","slug":"gracias","status":"publish","type":"page","link":"https:\/\/itpatagonia.com\/es\/sustentabilidad\/ebook-twin-transition-estrategia-para-un-futuro-digital-y-sostenible\/gracias","title":{"rendered":"Landing E-book Twin Transition- Gracias"},"content":{"rendered":"<div data-elementor-type=\"wp-page\" data-elementor-id=\"30064\" class=\"elementor elementor-30064\" data-elementor-post-type=\"page\">\n\t\t\t\t<div class=\"elementor-element elementor-element-26e884b e-con-full papel e-flex e-con e-parent\" data-id=\"26e884b\" data-element_type=\"container\" data-e-type=\"container\" data-settings=\"{&quot;background_background&quot;:&quot;classic&quot;}\">\n\t\t<div class=\"elementor-element elementor-element-8d61a64 e-flex e-con-boxed e-con e-child\" data-id=\"8d61a64\" data-element_type=\"container\" data-e-type=\"container\">\n\t\t\t\t\t<div class=\"e-con-inner\">\n\t\t<div class=\"elementor-element elementor-element-4049a11 e-con-full e-flex e-con e-child\" data-id=\"4049a11\" data-element_type=\"container\" data-e-type=\"container\">\n\t\t\t\t<div class=\"elementor-element elementor-element-6ecd90a elementor-widget__width-initial elementor-widget elementor-widget-text-editor\" data-id=\"6ecd90a\" data-element_type=\"widget\" data-e-type=\"widget\" data-widget_type=\"text-editor.default\">\n\t\t\t\t<div class=\"elementor-widget-container\">\n\t\t\t\t\t\t\t\t\t<p>Gracias por descargar nuestro ebook<\/p>\t\t\t\t\t\t\t\t<\/div>\n\t\t\t\t<\/div>\n\t\t\t\t<div class=\"elementor-element elementor-element-98d32e1 elementor-widget elementor-widget-text-editor\" data-id=\"98d32e1\" data-element_type=\"widget\" data-e-type=\"widget\" data-widget_type=\"text-editor.default\">\n\t\t\t\t<div class=\"elementor-widget-container\">\n\t\t\t\t\t\t\t\t\t<p><span style=\"font-weight: 400;\">Te enviamos al mail el link de descarga.<\/span><\/p>\t\t\t\t\t\t\t\t<\/div>\n\t\t\t\t<\/div>\n\t\t\t\t<\/div>\n\t\t<div class=\"elementor-element elementor-element-055ab99 e-con-full e-flex e-con e-child\" data-id=\"055ab99\" data-element_type=\"container\" data-e-type=\"container\">\n\t\t<div class=\"elementor-element elementor-element-e0f7694 e-con-full e-flex e-con e-child\" data-id=\"e0f7694\" data-element_type=\"container\" data-e-type=\"container\" id=\"form\">\n\t\t\t\t<div class=\"elementor-element elementor-element-9be8fea elementor-widget elementor-widget-image\" data-id=\"9be8fea\" data-element_type=\"widget\" data-e-type=\"widget\" data-widget_type=\"image.default\">\n\t\t\t\t<div class=\"elementor-widget-container\">\n\t\t\t\t\t\t\t\t\t\t\t\t\t\t\t<img fetchpriority=\"high\" decoding=\"async\" width=\"1024\" height=\"641\" src=\"https:\/\/itpatagonia.com\/wp-content\/uploads\/2026\/03\/Mockup-dispositivos-ebook-twin-transition-1024x641.png\" class=\"attachment-large size-large wp-image-29946\" alt=\"Mockup eBook Twin Transition\" srcset=\"https:\/\/itpatagonia.com\/wp-content\/uploads\/2026\/03\/Mockup-dispositivos-ebook-twin-transition-1024x641.png 1024w, https:\/\/itpatagonia.com\/wp-content\/uploads\/2026\/03\/Mockup-dispositivos-ebook-twin-transition-300x188.png 300w, https:\/\/itpatagonia.com\/wp-content\/uploads\/2026\/03\/Mockup-dispositivos-ebook-twin-transition-768x481.png 768w, https:\/\/itpatagonia.com\/wp-content\/uploads\/2026\/03\/Mockup-dispositivos-ebook-twin-transition-1536x962.png 1536w, https:\/\/itpatagonia.com\/wp-content\/uploads\/2026\/03\/Mockup-dispositivos-ebook-twin-transition-2048x1283.png 2048w, https:\/\/itpatagonia.com\/wp-content\/uploads\/2026\/03\/Mockup-dispositivos-ebook-twin-transition-18x12.png 18w, https:\/\/itpatagonia.com\/wp-content\/uploads\/2026\/03\/Mockup-dispositivos-ebook-twin-transition-720x451.png 720w\" sizes=\"(max-width: 1024px) 100vw, 1024px\" \/>\t\t\t\t\t\t\t\t\t\t\t\t\t\t\t<\/div>\n\t\t\t\t<\/div>\n\t\t\t\t<\/div>\n\t\t\t\t<\/div>\n\t\t\t\t\t<\/div>\n\t\t\t\t<\/div>\n\t\t<div class=\"elementor-element elementor-element-c5b9766 e-flex e-con-boxed e-con e-child\" data-id=\"c5b9766\" data-element_type=\"container\" data-e-type=\"container\">\n\t\t\t\t\t<div class=\"e-con-inner\">\n\t\t<div class=\"elementor-element elementor-element-4af7b7c e-con-full e-flex e-con e-child\" data-id=\"4af7b7c\" data-element_type=\"container\" data-e-type=\"container\" data-settings=\"{&quot;background_background&quot;:&quot;gradient&quot;}\">\n\t\t\t\t<div class=\"elementor-element elementor-element-4433d2b elementor-widget elementor-widget-spacer\" data-id=\"4433d2b\" data-element_type=\"widget\" data-e-type=\"widget\" data-widget_type=\"spacer.default\">\n\t\t\t\t<div class=\"elementor-widget-container\">\n\t\t\t\t\t\t\t<div class=\"elementor-spacer\">\n\t\t\t<div class=\"elementor-spacer-inner\"><\/div>\n\t\t<\/div>\n\t\t\t\t\t\t<\/div>\n\t\t\t\t<\/div>\n\t\t\t\t<div class=\"elementor-element elementor-element-209f425 elementor-align-center elementor-hidden-desktop elementor-hidden-tablet elementor-hidden-mobile elementor-widget elementor-widget-button\" data-id=\"209f425\" data-element_type=\"widget\" data-e-type=\"widget\" data-widget_type=\"button.default\">\n\t\t\t\t<div class=\"elementor-widget-container\">\n\t\t\t\t\t\t\t\t\t<div class=\"elementor-button-wrapper\">\n\t\t\t\t\t<a class=\"elementor-button elementor-button-link elementor-size-sm\" href=\"#elementor-action%3Aaction%3Dpopup%3Aopen%26settings%3DeyJpZCI6IjE0MDAyIiwidG9nZ2xlIjpmYWxzZX0%3D\">\n\t\t\t\t\t\t<span class=\"elementor-button-content-wrapper\">\n\t\t\t\t\t\t\t\t\t<span class=\"elementor-button-text\">Descarg\u00e1 la ficha t\u00e9cnica<\/span>\n\t\t\t\t\t<\/span>\n\t\t\t\t\t<\/a>\n\t\t\t\t<\/div>\n\t\t\t\t\t\t\t\t<\/div>\n\t\t\t\t<\/div>\n\t\t\t\t<div class=\"elementor-element elementor-element-e5343aa elementor-widget elementor-widget-heading\" data-id=\"e5343aa\" data-element_type=\"widget\" data-e-type=\"widget\" data-widget_type=\"heading.default\">\n\t\t\t\t<div class=\"elementor-widget-container\">\n\t\t\t\t\t<h2 class=\"elementor-heading-title elementor-size-default\">Conoc\u00e9 tambi\u00e9n estos contenidos sobre sustentabilidad<\/h2>\t\t\t\t<\/div>\n\t\t\t\t<\/div>\n\t\t\t\t<div class=\"elementor-element elementor-element-c6297d6 elementor-widget elementor-widget-spacer\" data-id=\"c6297d6\" data-element_type=\"widget\" data-e-type=\"widget\" data-widget_type=\"spacer.default\">\n\t\t\t\t<div class=\"elementor-widget-container\">\n\t\t\t\t\t\t\t<div class=\"elementor-spacer\">\n\t\t\t<div class=\"elementor-spacer-inner\"><\/div>\n\t\t<\/div>\n\t\t\t\t\t\t<\/div>\n\t\t\t\t<\/div>\n\t\t<div class=\"elementor-element elementor-element-7f58f8b e-flex e-con-boxed e-con e-child\" data-id=\"7f58f8b\" data-element_type=\"container\" data-e-type=\"container\">\n\t\t\t\t\t<div class=\"e-con-inner\">\n\t\t\t\t<div class=\"elementor-element elementor-element-9987384 elementor-widget elementor-widget-ipost_carousel2\" data-id=\"9987384\" data-element_type=\"widget\" data-e-type=\"widget\" id=\"posteos\" data-widget_type=\"ipost_carousel2.default\">\n\t\t\t\t<div class=\"elementor-widget-container\">\n\t\t\t\t\t\r\n\t\t<div class=\"post-carousel post-carousel-2 pgrid\" data-show=\"2\" data-scroll=\"1\" data-dots=\"false\" data-arrow=\"false\">\r\n        \t    <\/div>\r\n\t\t\t\t\t\t<\/div>\n\t\t\t\t<\/div>\n\t\t\t\t\t<\/div>\n\t\t\t\t<\/div>\n\t\t\t\t<\/div>\n\t\t\t\t\t<\/div>\n\t\t\t\t<\/div>\n\t\t\t\t<\/div>\n\t\t\t\t<\/div>","protected":false},"excerpt":{"rendered":"<p>Gracias por descargar nuestro ebook Te enviamos al mail el link de descarga. Descarg\u00e1 la ficha t\u00e9cnica Conoc\u00e9 tambi\u00e9n estos contenidos sobre sustentabilidad Sustentabilidad Transici\u00f3n gemela: la convergencia que redefine el futuro sostenible y digital Leer el art\u00edculo IT Services Sustentabilidad GreenOps y FinOps: eficiencia, conciencia y sustentabilidad para la nueva era digital Leer el [&hellip;]<\/p>\n","protected":false},"author":2,"featured_media":0,"parent":29917,"menu_order":0,"comment_status":"closed","ping_status":"closed","template":"","meta":{"_acf_changed":false,"content-type":"","footnotes":""},"class_list":["post-30064","page","type-page","status-publish","hentry"],"acf":[],"yoast_head":"<!-- This site is optimized with the Yoast SEO plugin v27.5 - https:\/\/yoast.com\/product\/yoast-seo-wordpress\/ -->\n<title>IT Patagonia - Seguridad que acompa\u00f1a el crecimiento digital<\/title>\n<meta name=\"description\" content=\"Escal\u00e1 operaciones con un ecosistema integral que combina automatizaci\u00f3n, resiliencia y cumplimiento normativo.\" \/>\n<meta name=\"robots\" content=\"index, follow, max-snippet:-1, max-image-preview:large, max-video-preview:-1\" \/>\n<link rel=\"canonical\" href=\"https:\/\/itpatagonia.com\/es\/sustentabilidad\/ebook-twin-transition-estrategia-para-un-futuro-digital-y-sostenible\/gracias\/\" \/>\n<meta property=\"og:locale\" content=\"es_ES\" \/>\n<meta property=\"og:type\" content=\"article\" \/>\n<meta property=\"og:title\" content=\"IT Patagonia - Seguridad que acompa\u00f1a el crecimiento digital\" \/>\n<meta property=\"og:description\" content=\"Escal\u00e1 operaciones con un ecosistema integral que combina automatizaci\u00f3n, resiliencia y cumplimiento normativo.\" \/>\n<meta property=\"og:url\" content=\"https:\/\/itpatagonia.com\/es\/sustentabilidad\/ebook-twin-transition-estrategia-para-un-futuro-digital-y-sostenible\/gracias\/\" \/>\n<meta property=\"og:site_name\" content=\"IT Patagonia\" \/>\n<meta property=\"article:modified_time\" content=\"2026-03-27T19:30:31+00:00\" \/>\n<meta property=\"og:image\" content=\"https:\/\/itpatagonia.com\/wp-content\/uploads\/2026\/03\/Mockup-dispositivos-ebook-twin-transition-1024x641.png\" \/>\n\t<meta property=\"og:image:width\" content=\"1024\" \/>\n\t<meta property=\"og:image:height\" content=\"641\" \/>\n\t<meta property=\"og:image:type\" content=\"image\/png\" \/>\n<meta name=\"twitter:card\" content=\"summary_large_image\" \/>\n<meta name=\"twitter:label1\" content=\"Tiempo de lectura\" \/>\n\t<meta name=\"twitter:data1\" content=\"6 minutos\" \/>\n<script type=\"application\/ld+json\" class=\"yoast-schema-graph\">{\"@context\":\"https:\\\/\\\/schema.org\",\"@graph\":[{\"@type\":\"WebPage\",\"@id\":\"https:\\\/\\\/itpatagonia.com\\\/sustentabilidad\\\/ebook-twin-transition-estrategia-para-un-futuro-digital-y-sostenible\\\/gracias\",\"url\":\"https:\\\/\\\/itpatagonia.com\\\/sustentabilidad\\\/ebook-twin-transition-estrategia-para-un-futuro-digital-y-sostenible\\\/gracias\",\"name\":\"IT Patagonia - Seguridad que acompa\u00f1a el crecimiento digital\",\"isPartOf\":{\"@id\":\"https:\\\/\\\/itpatagonia.com\\\/#website\"},\"primaryImageOfPage\":{\"@id\":\"https:\\\/\\\/itpatagonia.com\\\/sustentabilidad\\\/ebook-twin-transition-estrategia-para-un-futuro-digital-y-sostenible\\\/gracias#primaryimage\"},\"image\":{\"@id\":\"https:\\\/\\\/itpatagonia.com\\\/sustentabilidad\\\/ebook-twin-transition-estrategia-para-un-futuro-digital-y-sostenible\\\/gracias#primaryimage\"},\"thumbnailUrl\":\"https:\\\/\\\/itpatagonia.com\\\/wp-content\\\/uploads\\\/2026\\\/03\\\/Mockup-dispositivos-ebook-twin-transition-1024x641.png\",\"datePublished\":\"2026-03-27T19:26:40+00:00\",\"dateModified\":\"2026-03-27T19:30:31+00:00\",\"description\":\"Escal\u00e1 operaciones con un ecosistema integral que combina automatizaci\u00f3n, resiliencia y cumplimiento normativo.\",\"breadcrumb\":{\"@id\":\"https:\\\/\\\/itpatagonia.com\\\/sustentabilidad\\\/ebook-twin-transition-estrategia-para-un-futuro-digital-y-sostenible\\\/gracias#breadcrumb\"},\"inLanguage\":\"es\",\"potentialAction\":[{\"@type\":\"ReadAction\",\"target\":[\"https:\\\/\\\/itpatagonia.com\\\/sustentabilidad\\\/ebook-twin-transition-estrategia-para-un-futuro-digital-y-sostenible\\\/gracias\"]}]},{\"@type\":\"ImageObject\",\"inLanguage\":\"es\",\"@id\":\"https:\\\/\\\/itpatagonia.com\\\/sustentabilidad\\\/ebook-twin-transition-estrategia-para-un-futuro-digital-y-sostenible\\\/gracias#primaryimage\",\"url\":\"https:\\\/\\\/itpatagonia.com\\\/wp-content\\\/uploads\\\/2026\\\/03\\\/Mockup-dispositivos-ebook-twin-transition-1024x641.png\",\"contentUrl\":\"https:\\\/\\\/itpatagonia.com\\\/wp-content\\\/uploads\\\/2026\\\/03\\\/Mockup-dispositivos-ebook-twin-transition-1024x641.png\"},{\"@type\":\"BreadcrumbList\",\"@id\":\"https:\\\/\\\/itpatagonia.com\\\/sustentabilidad\\\/ebook-twin-transition-estrategia-para-un-futuro-digital-y-sostenible\\\/gracias#breadcrumb\",\"itemListElement\":[{\"@type\":\"ListItem\",\"position\":1,\"name\":\"Portada\",\"item\":\"https:\\\/\\\/itpatagonia.com\\\/\"},{\"@type\":\"ListItem\",\"position\":2,\"name\":\"Sustentabilidad\",\"item\":\"https:\\\/\\\/itpatagonia.com\\\/en\\\/sustentabilidad\"},{\"@type\":\"ListItem\",\"position\":3,\"name\":\"Landing E-book Twin Transition\",\"item\":\"https:\\\/\\\/itpatagonia.com\\\/sustentabilidad\\\/ebook-twin-transition-estrategia-para-un-futuro-digital-y-sostenible\"},{\"@type\":\"ListItem\",\"position\":4,\"name\":\"Landing E-book Twin Transition- Gracias\"}]},{\"@type\":\"WebSite\",\"@id\":\"https:\\\/\\\/itpatagonia.com\\\/#website\",\"url\":\"https:\\\/\\\/itpatagonia.com\\\/\",\"name\":\"IT Patagonia\",\"description\":\"\",\"publisher\":{\"@id\":\"https:\\\/\\\/itpatagonia.com\\\/#organization\"},\"potentialAction\":[{\"@type\":\"SearchAction\",\"target\":{\"@type\":\"EntryPoint\",\"urlTemplate\":\"https:\\\/\\\/itpatagonia.com\\\/?s={search_term_string}\"},\"query-input\":{\"@type\":\"PropertyValueSpecification\",\"valueRequired\":true,\"valueName\":\"search_term_string\"}}],\"inLanguage\":\"es\"},{\"@type\":\"Organization\",\"@id\":\"https:\\\/\\\/itpatagonia.com\\\/#organization\",\"name\":\"IT Patagonia\",\"url\":\"https:\\\/\\\/itpatagonia.com\\\/\",\"logo\":{\"@type\":\"ImageObject\",\"inLanguage\":\"es\",\"@id\":\"https:\\\/\\\/itpatagonia.com\\\/#\\\/schema\\\/logo\\\/image\\\/\",\"url\":\"https:\\\/\\\/itpatagonia.com\\\/wp-content\\\/uploads\\\/2023\\\/11\\\/IT-Patagonia-logo-web.png\",\"contentUrl\":\"https:\\\/\\\/itpatagonia.com\\\/wp-content\\\/uploads\\\/2023\\\/11\\\/IT-Patagonia-logo-web.png\",\"width\":350,\"height\":100,\"caption\":\"IT Patagonia\"},\"image\":{\"@id\":\"https:\\\/\\\/itpatagonia.com\\\/#\\\/schema\\\/logo\\\/image\\\/\"},\"sameAs\":[\"https:\\\/\\\/www.linkedin.com\\\/company\\\/itpatagonia\\\/\"]}]}<\/script>\n<!-- \/ Yoast SEO plugin. -->","yoast_head_json":{"title":"IT Patagonia - Seguridad que acompa\u00f1a el crecimiento digital","description":"Escal\u00e1 operaciones con un ecosistema integral que combina automatizaci\u00f3n, resiliencia y cumplimiento normativo.","robots":{"index":"index","follow":"follow","max-snippet":"max-snippet:-1","max-image-preview":"max-image-preview:large","max-video-preview":"max-video-preview:-1"},"canonical":"https:\/\/itpatagonia.com\/es\/sustentabilidad\/ebook-twin-transition-estrategia-para-un-futuro-digital-y-sostenible\/gracias\/","og_locale":"es_ES","og_type":"article","og_title":"IT Patagonia - Seguridad que acompa\u00f1a el crecimiento digital","og_description":"Escal\u00e1 operaciones con un ecosistema integral que combina automatizaci\u00f3n, resiliencia y cumplimiento normativo.","og_url":"https:\/\/itpatagonia.com\/es\/sustentabilidad\/ebook-twin-transition-estrategia-para-un-futuro-digital-y-sostenible\/gracias\/","og_site_name":"IT Patagonia","article_modified_time":"2026-03-27T19:30:31+00:00","og_image":[{"width":1024,"height":641,"url":"https:\/\/itpatagonia.com\/wp-content\/uploads\/2026\/03\/Mockup-dispositivos-ebook-twin-transition-1024x641.png","type":"image\/png"}],"twitter_card":"summary_large_image","twitter_misc":{"Tiempo de lectura":"6 minutos"},"schema":{"@context":"https:\/\/schema.org","@graph":[{"@type":"WebPage","@id":"https:\/\/itpatagonia.com\/sustentabilidad\/ebook-twin-transition-estrategia-para-un-futuro-digital-y-sostenible\/gracias","url":"https:\/\/itpatagonia.com\/sustentabilidad\/ebook-twin-transition-estrategia-para-un-futuro-digital-y-sostenible\/gracias","name":"IT Patagonia - Seguridad que acompa\u00f1a el crecimiento digital","isPartOf":{"@id":"https:\/\/itpatagonia.com\/#website"},"primaryImageOfPage":{"@id":"https:\/\/itpatagonia.com\/sustentabilidad\/ebook-twin-transition-estrategia-para-un-futuro-digital-y-sostenible\/gracias#primaryimage"},"image":{"@id":"https:\/\/itpatagonia.com\/sustentabilidad\/ebook-twin-transition-estrategia-para-un-futuro-digital-y-sostenible\/gracias#primaryimage"},"thumbnailUrl":"https:\/\/itpatagonia.com\/wp-content\/uploads\/2026\/03\/Mockup-dispositivos-ebook-twin-transition-1024x641.png","datePublished":"2026-03-27T19:26:40+00:00","dateModified":"2026-03-27T19:30:31+00:00","description":"Escal\u00e1 operaciones con un ecosistema integral que combina automatizaci\u00f3n, resiliencia y cumplimiento normativo.","breadcrumb":{"@id":"https:\/\/itpatagonia.com\/sustentabilidad\/ebook-twin-transition-estrategia-para-un-futuro-digital-y-sostenible\/gracias#breadcrumb"},"inLanguage":"es","potentialAction":[{"@type":"ReadAction","target":["https:\/\/itpatagonia.com\/sustentabilidad\/ebook-twin-transition-estrategia-para-un-futuro-digital-y-sostenible\/gracias"]}]},{"@type":"ImageObject","inLanguage":"es","@id":"https:\/\/itpatagonia.com\/sustentabilidad\/ebook-twin-transition-estrategia-para-un-futuro-digital-y-sostenible\/gracias#primaryimage","url":"https:\/\/itpatagonia.com\/wp-content\/uploads\/2026\/03\/Mockup-dispositivos-ebook-twin-transition-1024x641.png","contentUrl":"https:\/\/itpatagonia.com\/wp-content\/uploads\/2026\/03\/Mockup-dispositivos-ebook-twin-transition-1024x641.png"},{"@type":"BreadcrumbList","@id":"https:\/\/itpatagonia.com\/sustentabilidad\/ebook-twin-transition-estrategia-para-un-futuro-digital-y-sostenible\/gracias#breadcrumb","itemListElement":[{"@type":"ListItem","position":1,"name":"Portada","item":"https:\/\/itpatagonia.com\/"},{"@type":"ListItem","position":2,"name":"Sustentabilidad","item":"https:\/\/itpatagonia.com\/en\/sustentabilidad"},{"@type":"ListItem","position":3,"name":"Landing E-book Twin Transition","item":"https:\/\/itpatagonia.com\/sustentabilidad\/ebook-twin-transition-estrategia-para-un-futuro-digital-y-sostenible"},{"@type":"ListItem","position":4,"name":"Landing E-book Twin Transition- Gracias"}]},{"@type":"WebSite","@id":"https:\/\/itpatagonia.com\/#website","url":"https:\/\/itpatagonia.com\/","name":"IT Patagonia","description":"","publisher":{"@id":"https:\/\/itpatagonia.com\/#organization"},"potentialAction":[{"@type":"SearchAction","target":{"@type":"EntryPoint","urlTemplate":"https:\/\/itpatagonia.com\/?s={search_term_string}"},"query-input":{"@type":"PropertyValueSpecification","valueRequired":true,"valueName":"search_term_string"}}],"inLanguage":"es"},{"@type":"Organization","@id":"https:\/\/itpatagonia.com\/#organization","name":"IT Patagonia","url":"https:\/\/itpatagonia.com\/","logo":{"@type":"ImageObject","inLanguage":"es","@id":"https:\/\/itpatagonia.com\/#\/schema\/logo\/image\/","url":"https:\/\/itpatagonia.com\/wp-content\/uploads\/2023\/11\/IT-Patagonia-logo-web.png","contentUrl":"https:\/\/itpatagonia.com\/wp-content\/uploads\/2023\/11\/IT-Patagonia-logo-web.png","width":350,"height":100,"caption":"IT Patagonia"},"image":{"@id":"https:\/\/itpatagonia.com\/#\/schema\/logo\/image\/"},"sameAs":["https:\/\/www.linkedin.com\/company\/itpatagonia\/"]}]}},"_links":{"self":[{"href":"https:\/\/itpatagonia.com\/es\/wp-json\/wp\/v2\/pages\/30064","targetHints":{"allow":["GET"]}}],"collection":[{"href":"https:\/\/itpatagonia.com\/es\/wp-json\/wp\/v2\/pages"}],"about":[{"href":"https:\/\/itpatagonia.com\/es\/wp-json\/wp\/v2\/types\/page"}],"author":[{"embeddable":true,"href":"https:\/\/itpatagonia.com\/es\/wp-json\/wp\/v2\/users\/2"}],"replies":[{"embeddable":true,"href":"https:\/\/itpatagonia.com\/es\/wp-json\/wp\/v2\/comments?post=30064"}],"version-history":[{"count":7,"href":"https:\/\/itpatagonia.com\/es\/wp-json\/wp\/v2\/pages\/30064\/revisions"}],"predecessor-version":[{"id":30072,"href":"https:\/\/itpatagonia.com\/es\/wp-json\/wp\/v2\/pages\/30064\/revisions\/30072"}],"up":[{"embeddable":true,"href":"https:\/\/itpatagonia.com\/es\/wp-json\/wp\/v2\/pages\/29917"}],"wp:attachment":[{"href":"https:\/\/itpatagonia.com\/es\/wp-json\/wp\/v2\/media?parent=30064"}],"curies":[{"name":"wp","href":"https:\/\/api.w.org\/{rel}","templated":true}]}}